{"id":3,"date":"2025-02-11T22:16:48","date_gmt":"2025-02-11T22:16:48","guid":{"rendered":"https:\/\/shop.castabags.com\/?page_id=3"},"modified":"2025-03-07T23:58:10","modified_gmt":"2025-03-07T23:58:10","slug":"privacy-policy","status":"publish","type":"page","link":"https:\/\/shop.castabags.com\/en\/privacy-policy\/","title":{"rendered":"Privacy Policy"},"content":{"rendered":"<h2 class=\"wp-block-heading\"><strong>ACEPTACI\u00d3N DE LA POL\u00cdTICA DE TRATAMIENTO DE DATOS<\/strong><\/h2>\n\n\n\n<p>Al utilizar nuestra p\u00e1gina web, el titular acepta esta Pol\u00edtica de Tratamiento de Datos Personales y el uso de sus datos personales seg\u00fan lo descrito aqu\u00ed.<\/p>\n\n\n\n<p><strong>1. INTRODUCCI\u00d3N<\/strong><\/p>\n\n\n\n<p>En Casta Bags, operado por Organizaci\u00f3n Walekett S.A.S., respetamos y protegemos la privacidad de nuestros clientes, usuarios y visitantes. Esta pol\u00edtica detalla c\u00f3mo recolectamos, utilizamos, almacenamos y protegemos los datos personales proporcionados a trav\u00e9s de nuestra p\u00e1gina web y otros canales de comunicaci\u00f3n.<\/p>\n\n\n\n<p><strong>2. DEFINICIONES<\/strong><\/p>\n\n\n\n<p>Dato personal: Informaci\u00f3n que permite identificar o hacer identificable a una persona.<\/p>\n\n\n\n<p>Titular: Persona natural cuyos datos personales son objeto de tratamiento.<\/p>\n\n\n\n<p>Tratamiento: Cualquier operaci\u00f3n sobre datos personales, como recolecci\u00f3n, almacenamiento, uso, circulaci\u00f3n o supresi\u00f3n.<\/p>\n\n\n\n<p>Encargado del tratamiento: Persona o entidad que realiza el tratamiento de datos por cuenta de Organizaci\u00f3n Walekett S.A.S.<\/p>\n\n\n\n<p>Responsable del tratamiento: Organizaci\u00f3n Walekett S.A.S., con nombre comercial Casta Bags.<\/p>\n\n\n\n<p><strong>3. RESPONSABLE DEL TRATAMIENTO<\/strong><\/p>\n\n\n\n<p>Raz\u00f3n Social: Organizaci\u00f3n Walekett S.A.S.<\/p>\n\n\n\n<p>Nombre Comercial: Casta Bags<\/p>\n\n\n\n<p>NIT: 901090020-0<\/p>\n\n\n\n<p>Direcci\u00f3n: Calle 3 B # 1C 20<\/p>\n\n\n\n<p>Tel\u00e9fono: 3218013967<\/p>\n\n\n\n<p>Correo Electr\u00f3nico: artesaniascastawayuu@gmail.com<\/p>\n\n\n\n<p>P\u00e1gina Web: castabags.com\/shop<\/p>\n\n\n\n<p><strong>4. DATOS PERSONALES RECOLECTADOS<\/strong><\/p>\n\n\n\n<p>Recolectamos datos personales de manera directa y voluntaria a trav\u00e9s de:<\/p>\n\n\n\n<p>Formularios de contacto en la p\u00e1gina web.<\/p>\n\n\n\n<p>Suscripciones a boletines informativos.<\/p>\n\n\n\n<p>Proceso de compra y registro de clientes.<\/p>\n\n\n\n<p>Redes sociales oficiales de Casta Bags.<\/p>\n\n\n\n<p>Los datos personales recolectados pueden incluir:<\/p>\n\n\n\n<p>Nombre completo<\/p>\n\n\n\n<p>E-mail address<\/p>\n\n\n\n<p>N\u00famero de tel\u00e9fono<\/p>\n\n\n\n<p>Shipping address<\/p>\n\n\n\n<p>Informaci\u00f3n de pago (procesada a trav\u00e9s de plataformas seguras de terceros).<\/p>\n\n\n\n<p><strong>5. FINALIDADES DEL TRATAMIENTO<\/strong><\/p>\n\n\n\n<p>Los datos personales recolectados ser\u00e1n utilizados para:<\/p>\n\n\n\n<p>Procesar compras y env\u00edos de productos.<\/p>\n\n\n\n<p>Enviar informaci\u00f3n sobre promociones, lanzamientos y novedades de Casta Bags.<\/p>\n\n\n\n<p>Mejorar la experiencia del usuario en nuestra p\u00e1gina web.<\/p>\n\n\n\n<p>Realizar encuestas de satisfacci\u00f3n y estudios de mercado.<\/p>\n\n\n\n<p>Cumplir con obligaciones legales y contractuales.<\/p>\n\n\n\n<p><strong>6. DERECHOS DEL TITULAR<\/strong><\/p>\n\n\n\n<p>Como titular de sus datos personales, usted tiene derecho a:<\/p>\n\n\n\n<p>Conocer, actualizar y rectificar sus datos personales.<\/p>\n\n\n\n<p>Solicitar prueba de la autorizaci\u00f3n otorgada.<\/p>\n\n\n\n<p>Ser informado sobre el uso dado a sus datos personales.<\/p>\n\n\n\n<p>Revocar la autorizaci\u00f3n o solicitar la supresi\u00f3n de sus datos cuando no se respeten los principios, derechos y garant\u00edas constitucionales y legales.<\/p>\n\n\n\n<p>Acceder gratuitamente a sus datos personales.<\/p>\n\n\n\n<p><strong>7. SEGURIDAD DE LA INFORMACI\u00d3N<\/strong><\/p>\n\n\n\n<p>Casta Bags implementa medidas de seguridad administrativas, t\u00e9cnicas y f\u00edsicas para proteger los datos personales contra p\u00e9rdida, robo, acceso no autorizado, divulgaci\u00f3n o modificaci\u00f3n.<\/p>\n\n\n\n<p><strong>8. TRANSMISI\u00d3N Y TRANSFERENCIA DE DATOS<\/strong><\/p>\n\n\n\n<p>Casta Bags podr\u00e1 compartir sus datos personales con terceros encargados del tratamiento de datos, como plataformas de pago, servicios de env\u00edo y marketing digital, garantizando la protecci\u00f3n de la informaci\u00f3n de acuerdo con las normativas aplicables.<\/p>\n\n\n\n<p><strong>9. MODIFICACIONES A LA POL\u00cdTICA<\/strong><\/p>\n\n\n\n<p>Organizaci\u00f3n Walekett S.A.S. se reserva el derecho de modificar esta pol\u00edtica en cualquier momento. Cualquier cambio ser\u00e1 informado a trav\u00e9s de nuestra p\u00e1gina web o mediante el correo electr\u00f3nico proporcionado por el titular.<\/p>\n\n\n\n<p><strong>10. CONTACTO PARA CONSULTAS Y RECLAMOS<\/strong><\/p>\n\n\n\n<p>Si tiene preguntas, consultas o reclamos relacionados con el tratamiento de sus datos personales, puede contactarnos a trav\u00e9s de:<\/p>\n\n\n\n<p>Correo Electr\u00f3nico: artesaniascastawayuu@gmail.com<\/p>\n\n\n\n<p>Tel\u00e9fono: 3218013967<\/p>\n\n\n\n<p>Direcci\u00f3n: Calle 3 B # 1C 20<\/p>\n\n\n\n<p><strong>11. VIGENCIA<\/strong><\/p>\n\n\n\n<p>Esta pol\u00edtica est\u00e1 vigente desde su publicaci\u00f3n y continuar\u00e1 hasta que sea modificada o revocada expresamente por Organizaci\u00f3n Walekett S.A.S.<\/p>","protected":false},"excerpt":{"rendered":"<p>ACEPTACI\u00d3N DE LA POL\u00cdTICA DE TRATAMIENTO DE DATOS Al utilizar nuestra p\u00e1gina web, el titular acepta esta Pol\u00edtica de Tratamiento&#8230;<\/p>","protected":false},"author":1,"featured_media":0,"parent":0,"menu_order":0,"comment_status":"closed","ping_status":"open","template":"","meta":{"footnotes":""},"class_list":["post-3","page","type-page","status-publish","hentry"],"post-meta":{"_wp_page_template":["default"],"_edit_lock":["1741392657:1"],"_edit_last":["1"],"site-container":["default"],"site-header-transparent":["default"],"site-page-header":["default"],"site-sidebar":["default"]},"_links":{"self":[{"href":"https:\/\/shop.castabags.com\/en\/wp-json\/wp\/v2\/pages\/3","targetHints":{"allow":["GET"]}}],"collection":[{"href":"https:\/\/shop.castabags.com\/en\/wp-json\/wp\/v2\/pages"}],"about":[{"href":"https:\/\/shop.castabags.com\/en\/wp-json\/wp\/v2\/types\/page"}],"author":[{"embeddable":true,"href":"https:\/\/shop.castabags.com\/en\/wp-json\/wp\/v2\/users\/1"}],"replies":[{"embeddable":true,"href":"https:\/\/shop.castabags.com\/en\/wp-json\/wp\/v2\/comments?post=3"}],"version-history":[{"count":1,"href":"https:\/\/shop.castabags.com\/en\/wp-json\/wp\/v2\/pages\/3\/revisions"}],"predecessor-version":[{"id":5543,"href":"https:\/\/shop.castabags.com\/en\/wp-json\/wp\/v2\/pages\/3\/revisions\/5543"}],"wp:attachment":[{"href":"https:\/\/shop.castabags.com\/en\/wp-json\/wp\/v2\/media?parent=3"}],"curies":[{"name":"wp","href":"https:\/\/api.w.org\/{rel}","templated":true}]}}